{"id":760,"date":"2024-11-20T19:23:14","date_gmt":"2024-11-20T19:23:14","guid":{"rendered":"https:\/\/colanatravel.com\/?page_id=760"},"modified":"2026-02-18T22:54:02","modified_gmt":"2026-02-18T22:54:02","slug":"aruba-antilles-neerlandaises","status":"publish","type":"page","link":"https:\/\/colanatravel.com\/en\/aruba-antilles-neerlandaises\/","title":{"rendered":"Aruba -Netherlands Antilles"},"content":{"rendered":"<div data-elementor-type=\"wp-page\" data-elementor-id=\"760\" class=\"elementor elementor-760\">\n\t\t\t\t<div class=\"elementor-element elementor-element-d5e2033 e-flex e-con-boxed e-con e-parent\" data-id=\"d5e2033\" data-element_type=\"container\">\n\t\t\t\t\t<div class=\"e-con-inner\">\n\t\t<div class=\"elementor-element elementor-element-67c9a31 e-con-full e-flex e-con e-child\" data-id=\"67c9a31\" data-element_type=\"container\">\n\t\t\t\t<\/div>\n\t\t<div class=\"elementor-element elementor-element-ffa2309 e-con-full e-flex e-con e-child\" data-id=\"ffa2309\" data-element_type=\"container\">\n\t\t\t\t<\/div>\n\t\t\t\t\t<\/div>\n\t\t\t\t<\/div>\n\t\t<div class=\"elementor-element elementor-element-d8553cc e-flex e-con-boxed e-con e-parent\" data-id=\"d8553cc\" data-element_type=\"container\">\n\t\t\t\t\t<div class=\"e-con-inner\">\n\t\t\t\t<div class=\"elementor-element elementor-element-d344035 elementor-widget elementor-widget-text-editor\" data-id=\"d344035\" data-element_type=\"widget\" data-widget_type=\"text-editor.default\">\n\t\t\t\t<div class=\"elementor-widget-container\">\n\t\t\t<style>\/*! elementor - v3.21.0 - 15-04-2024 *\/\n.elementor-widget-text-editor.elementor-drop-cap-view-stacked .elementor-drop-cap{background-color:#69727d;color:#fff}.elementor-widget-text-editor.elementor-drop-cap-view-framed .elementor-drop-cap{color:#69727d;border:3px solid;background-color:transparent}.elementor-widget-text-editor:not(.elementor-drop-cap-view-default) .elementor-drop-cap{margin-top:8px}.elementor-widget-text-editor:not(.elementor-drop-cap-view-default) .elementor-drop-cap-letter{width:1em;height:1em}.elementor-widget-text-editor .elementor-drop-cap{float:left;text-align:center;line-height:1;font-size:50px}.elementor-widget-text-editor .elementor-drop-cap-letter{display:inline-block}<\/style>\t\t\t\t<p>Aruba, wonderful island, my favorite island, called the island of Happiness.\u00a0<\/p><p>Aruba is a small Caribbean island located north of Venezuela. It is part of the Kingdom of the Netherlands, but it has its own autonomy.\u00a0<\/p><p>It is famous for its white sand beaches like Eagle Beach, its crystal-clear waters, and its dry and sunny climate almost all year round.\u00a0<\/p><p>The capital is Oranjestad, known for its colorful Dutch colonial-style buildings. Tourism is the island\u2019s main economic activity.\u00a0<\/p><p>Its official language is Dutch, but Papiamento and Spanish are also spoken.\u00a0<\/p><p>I love going for walks on its beaches where the waves are wild, climbing the rocks, going fishing, traveling from north to south across the island and learning about its history, taking boat rides to discover its marine wildlife, seeing wild goats in the rocky mountains, horseback riding along the beaches, birdwatching and photographing birds. Staying in its comfortable houses and enjoying the pool.\u00a0<\/p><p>After a day of sun and beach, Make myself beautiful and Go out at night to savor the island\u2019s specialties accompanied by fine wines and Dutch cheeses, then go have fun in its nightclubs or bars watching the sun set amid wonderful colors and dancing to the Caribbean rhythm, a whole experience full of joy and a festive atmosphere.\u00a0<\/p><p>Have you ever visited the island of Happiness,\u2019.  COLANA TRAVEL can tell you how to organize your vacation in Aruba.<\/p>\t\t\t\t\t\t<\/div>\n\t\t\t\t<\/div>\n\t\t\t\t\t<\/div>\n\t\t\t\t<\/div>\n\t\t<div class=\"elementor-element elementor-element-08ebb6f e-flex e-con-boxed e-con e-parent\" data-id=\"08ebb6f\" data-element_type=\"container\">\n\t\t\t\t\t<div class=\"e-con-inner\">\n\t\t<div class=\"elementor-element elementor-element-c8967c2 e-con-full e-flex e-con e-child\" data-id=\"c8967c2\" data-element_type=\"container\">\n\t\t\t\t<div class=\"elementor-element elementor-element-c41c0db elementor-widget elementor-widget-image\" data-id=\"c41c0db\" data-element_type=\"widget\" data-widget_type=\"image.default\">\n\t\t\t\t<div class=\"elementor-widget-container\">\n\t\t\t<style>\/*! elementor - v3.21.0 - 15-04-2024 *\/\n.elementor-widget-image{text-align:center}.elementor-widget-image a{display:inline-block}.elementor-widget-image a img[src$=\".svg\"]{width:48px}.elementor-widget-image img{vertical-align:middle;display:inline-block}<\/style>\t\t\t\t\t\t\t\t\t\t<img fetchpriority=\"high\" decoding=\"async\" width=\"1024\" height=\"683\" src=\"https:\/\/colanatravel.com\/wp-content\/uploads\/2025\/04\/8-1024x683.jpg\" class=\"attachment-large size-large wp-image-1057\" alt=\"\" srcset=\"https:\/\/colanatravel.com\/wp-content\/uploads\/2025\/04\/8-1024x683.jpg 1024w, https:\/\/colanatravel.com\/wp-content\/uploads\/2025\/04\/8-300x200.jpg 300w, https:\/\/colanatravel.com\/wp-content\/uploads\/2025\/04\/8-768x512.jpg 768w, https:\/\/colanatravel.com\/wp-content\/uploads\/2025\/04\/8-18x12.jpg 18w, https:\/\/colanatravel.com\/wp-content\/uploads\/2025\/04\/8-150x100.jpg 150w, https:\/\/colanatravel.com\/wp-content\/uploads\/2025\/04\/8-360x240.jpg 360w, https:\/\/colanatravel.com\/wp-content\/uploads\/2025\/04\/8-373x249.jpg 373w, https:\/\/colanatravel.com\/wp-content\/uploads\/2025\/04\/8-80x53.jpg 80w, https:\/\/colanatravel.com\/wp-content\/uploads\/2025\/04\/8-620x413.jpg 620w, https:\/\/colanatravel.com\/wp-content\/uploads\/2025\/04\/8-460x307.jpg 460w, https:\/\/colanatravel.com\/wp-content\/uploads\/2025\/04\/8-365x243.jpg 365w, https:\/\/colanatravel.com\/wp-content\/uploads\/2025\/04\/8.jpg 1200w\" sizes=\"(max-width: 1024px) 100vw, 1024px\" \/>\t\t\t\t\t\t\t\t\t\t\t\t\t<\/div>\n\t\t\t\t<\/div>\n\t\t\t\t<\/div>\n\t\t<div class=\"elementor-element elementor-element-d907b83 e-con-full e-flex e-con e-child\" data-id=\"d907b83\" data-element_type=\"container\">\n\t\t\t\t<div class=\"elementor-element elementor-element-6af9c77 elementor-widget elementor-widget-image\" data-id=\"6af9c77\" data-element_type=\"widget\" data-widget_type=\"image.default\">\n\t\t\t\t<div class=\"elementor-widget-container\">\n\t\t\t\t\t\t\t\t\t\t\t\t\t<img decoding=\"async\" width=\"1024\" height=\"683\" src=\"https:\/\/colanatravel.com\/wp-content\/uploads\/2025\/04\/9-1024x683.jpg\" class=\"attachment-large size-large wp-image-1058\" alt=\"\" srcset=\"https:\/\/colanatravel.com\/wp-content\/uploads\/2025\/04\/9-1024x683.jpg 1024w, https:\/\/colanatravel.com\/wp-content\/uploads\/2025\/04\/9-300x200.jpg 300w, https:\/\/colanatravel.com\/wp-content\/uploads\/2025\/04\/9-768x512.jpg 768w, https:\/\/colanatravel.com\/wp-content\/uploads\/2025\/04\/9-18x12.jpg 18w, https:\/\/colanatravel.com\/wp-content\/uploads\/2025\/04\/9-150x100.jpg 150w, https:\/\/colanatravel.com\/wp-content\/uploads\/2025\/04\/9-360x240.jpg 360w, https:\/\/colanatravel.com\/wp-content\/uploads\/2025\/04\/9-373x249.jpg 373w, https:\/\/colanatravel.com\/wp-content\/uploads\/2025\/04\/9-80x53.jpg 80w, https:\/\/colanatravel.com\/wp-content\/uploads\/2025\/04\/9-620x413.jpg 620w, https:\/\/colanatravel.com\/wp-content\/uploads\/2025\/04\/9-460x307.jpg 460w, https:\/\/colanatravel.com\/wp-content\/uploads\/2025\/04\/9-365x243.jpg 365w, https:\/\/colanatravel.com\/wp-content\/uploads\/2025\/04\/9.jpg 1200w\" sizes=\"(max-width: 1024px) 100vw, 1024px\" \/>\t\t\t\t\t\t\t\t\t\t\t\t\t<\/div>\n\t\t\t\t<\/div>\n\t\t\t\t<\/div>\n\t\t<div class=\"elementor-element elementor-element-fe1477d e-con-full e-flex e-con e-child\" data-id=\"fe1477d\" data-element_type=\"container\">\n\t\t\t\t<div class=\"elementor-element elementor-element-c9ff240 elementor-widget elementor-widget-image\" data-id=\"c9ff240\" data-element_type=\"widget\" data-widget_type=\"image.default\">\n\t\t\t\t<div class=\"elementor-widget-container\">\n\t\t\t\t\t\t\t\t\t\t\t\t\t<img decoding=\"async\" width=\"1024\" height=\"683\" src=\"https:\/\/colanatravel.com\/wp-content\/uploads\/2025\/04\/10-1024x683.jpg\" class=\"attachment-large size-large wp-image-1059\" alt=\"\" srcset=\"https:\/\/colanatravel.com\/wp-content\/uploads\/2025\/04\/10-1024x683.jpg 1024w, https:\/\/colanatravel.com\/wp-content\/uploads\/2025\/04\/10-300x200.jpg 300w, https:\/\/colanatravel.com\/wp-content\/uploads\/2025\/04\/10-768x512.jpg 768w, https:\/\/colanatravel.com\/wp-content\/uploads\/2025\/04\/10-18x12.jpg 18w, https:\/\/colanatravel.com\/wp-content\/uploads\/2025\/04\/10-150x100.jpg 150w, https:\/\/colanatravel.com\/wp-content\/uploads\/2025\/04\/10-360x240.jpg 360w, https:\/\/colanatravel.com\/wp-content\/uploads\/2025\/04\/10-373x249.jpg 373w, https:\/\/colanatravel.com\/wp-content\/uploads\/2025\/04\/10-80x53.jpg 80w, https:\/\/colanatravel.com\/wp-content\/uploads\/2025\/04\/10-620x413.jpg 620w, https:\/\/colanatravel.com\/wp-content\/uploads\/2025\/04\/10-460x307.jpg 460w, https:\/\/colanatravel.com\/wp-content\/uploads\/2025\/04\/10-365x243.jpg 365w, https:\/\/colanatravel.com\/wp-content\/uploads\/2025\/04\/10.jpg 1200w\" sizes=\"(max-width: 1024px) 100vw, 1024px\" \/>\t\t\t\t\t\t\t\t\t\t\t\t\t<\/div>\n\t\t\t\t<\/div>\n\t\t\t\t<\/div>\n\t\t<div class=\"elementor-element elementor-element-ebf8ed9 e-con-full e-flex e-con e-child\" data-id=\"ebf8ed9\" data-element_type=\"container\">\n\t\t\t\t<div class=\"elementor-element elementor-element-d817d3c elementor-widget elementor-widget-image\" data-id=\"d817d3c\" data-element_type=\"widget\" data-widget_type=\"image.default\">\n\t\t\t\t<div class=\"elementor-widget-container\">\n\t\t\t\t\t\t\t\t\t\t\t\t\t<img loading=\"lazy\" decoding=\"async\" width=\"683\" height=\"1024\" src=\"https:\/\/colanatravel.com\/wp-content\/uploads\/2025\/04\/11-683x1024.jpg\" class=\"attachment-large size-large wp-image-1060\" alt=\"\" srcset=\"https:\/\/colanatravel.com\/wp-content\/uploads\/2025\/04\/11-683x1024.jpg 683w, https:\/\/colanatravel.com\/wp-content\/uploads\/2025\/04\/11-200x300.jpg 200w, https:\/\/colanatravel.com\/wp-content\/uploads\/2025\/04\/11-768x1152.jpg 768w, https:\/\/colanatravel.com\/wp-content\/uploads\/2025\/04\/11-8x12.jpg 8w, https:\/\/colanatravel.com\/wp-content\/uploads\/2025\/04\/11-360x540.jpg 360w, https:\/\/colanatravel.com\/wp-content\/uploads\/2025\/04\/11-373x560.jpg 373w, https:\/\/colanatravel.com\/wp-content\/uploads\/2025\/04\/11-53x80.jpg 53w, https:\/\/colanatravel.com\/wp-content\/uploads\/2025\/04\/11-620x930.jpg 620w, https:\/\/colanatravel.com\/wp-content\/uploads\/2025\/04\/11-460x690.jpg 460w, https:\/\/colanatravel.com\/wp-content\/uploads\/2025\/04\/11-365x548.jpg 365w, https:\/\/colanatravel.com\/wp-content\/uploads\/2025\/04\/11-300x450.jpg 300w, https:\/\/colanatravel.com\/wp-content\/uploads\/2025\/04\/11.jpg 800w\" sizes=\"(max-width: 683px) 100vw, 683px\" \/>\t\t\t\t\t\t\t\t\t\t\t\t\t<\/div>\n\t\t\t\t<\/div>\n\t\t\t\t<\/div>\n\t\t<div class=\"elementor-element elementor-element-bf9de55 e-con-full e-flex e-con e-child\" data-id=\"bf9de55\" data-element_type=\"container\">\n\t\t\t\t<div class=\"elementor-element elementor-element-e9e1699 elementor-widget elementor-widget-image\" data-id=\"e9e1699\" data-element_type=\"widget\" data-widget_type=\"image.default\">\n\t\t\t\t<div class=\"elementor-widget-container\">\n\t\t\t\t\t\t\t\t\t\t\t\t\t<img loading=\"lazy\" decoding=\"async\" width=\"683\" height=\"1024\" src=\"https:\/\/colanatravel.com\/wp-content\/uploads\/2025\/04\/12-683x1024.jpg\" class=\"attachment-large size-large wp-image-1061\" alt=\"\" srcset=\"https:\/\/colanatravel.com\/wp-content\/uploads\/2025\/04\/12-683x1024.jpg 683w, https:\/\/colanatravel.com\/wp-content\/uploads\/2025\/04\/12-200x300.jpg 200w, https:\/\/colanatravel.com\/wp-content\/uploads\/2025\/04\/12-768x1152.jpg 768w, https:\/\/colanatravel.com\/wp-content\/uploads\/2025\/04\/12-8x12.jpg 8w, https:\/\/colanatravel.com\/wp-content\/uploads\/2025\/04\/12-360x540.jpg 360w, https:\/\/colanatravel.com\/wp-content\/uploads\/2025\/04\/12-373x560.jpg 373w, https:\/\/colanatravel.com\/wp-content\/uploads\/2025\/04\/12-53x80.jpg 53w, https:\/\/colanatravel.com\/wp-content\/uploads\/2025\/04\/12-620x930.jpg 620w, https:\/\/colanatravel.com\/wp-content\/uploads\/2025\/04\/12-460x690.jpg 460w, https:\/\/colanatravel.com\/wp-content\/uploads\/2025\/04\/12-365x548.jpg 365w, https:\/\/colanatravel.com\/wp-content\/uploads\/2025\/04\/12-300x450.jpg 300w, https:\/\/colanatravel.com\/wp-content\/uploads\/2025\/04\/12.jpg 800w\" sizes=\"(max-width: 683px) 100vw, 683px\" \/>\t\t\t\t\t\t\t\t\t\t\t\t\t<\/div>\n\t\t\t\t<\/div>\n\t\t\t\t<\/div>\n\t\t<div class=\"elementor-element elementor-element-6f3cae7 e-con-full e-flex e-con e-child\" data-id=\"6f3cae7\" data-element_type=\"container\">\n\t\t\t\t<div class=\"elementor-element elementor-element-ab82389 elementor-widget elementor-widget-image\" data-id=\"ab82389\" data-element_type=\"widget\" data-widget_type=\"image.default\">\n\t\t\t\t<div class=\"elementor-widget-container\">\n\t\t\t\t\t\t\t\t\t\t\t\t\t<img loading=\"lazy\" decoding=\"async\" width=\"683\" height=\"1024\" src=\"https:\/\/colanatravel.com\/wp-content\/uploads\/2025\/04\/13-683x1024.jpg\" class=\"attachment-large size-large wp-image-1062\" alt=\"\" srcset=\"https:\/\/colanatravel.com\/wp-content\/uploads\/2025\/04\/13-683x1024.jpg 683w, https:\/\/colanatravel.com\/wp-content\/uploads\/2025\/04\/13-200x300.jpg 200w, https:\/\/colanatravel.com\/wp-content\/uploads\/2025\/04\/13-768x1152.jpg 768w, https:\/\/colanatravel.com\/wp-content\/uploads\/2025\/04\/13-8x12.jpg 8w, https:\/\/colanatravel.com\/wp-content\/uploads\/2025\/04\/13-360x540.jpg 360w, https:\/\/colanatravel.com\/wp-content\/uploads\/2025\/04\/13-373x560.jpg 373w, https:\/\/colanatravel.com\/wp-content\/uploads\/2025\/04\/13-53x80.jpg 53w, https:\/\/colanatravel.com\/wp-content\/uploads\/2025\/04\/13-620x930.jpg 620w, https:\/\/colanatravel.com\/wp-content\/uploads\/2025\/04\/13-460x690.jpg 460w, https:\/\/colanatravel.com\/wp-content\/uploads\/2025\/04\/13-365x548.jpg 365w, https:\/\/colanatravel.com\/wp-content\/uploads\/2025\/04\/13-300x450.jpg 300w, https:\/\/colanatravel.com\/wp-content\/uploads\/2025\/04\/13.jpg 800w\" sizes=\"(max-width: 683px) 100vw, 683px\" \/>\t\t\t\t\t\t\t\t\t\t\t\t\t<\/div>\n\t\t\t\t<\/div>\n\t\t\t\t<\/div>\n\t\t\t\t\t<\/div>\n\t\t\t\t<\/div>\n\t\t\t\t<\/div>","protected":false},"excerpt":{"rendered":"<p class=\"tx-excerpt\">Aruba \u00eele merveilleuse, mon \u00eele pr\u00e9f\u00e9r\u00e9e, appel\u00e9e l&rsquo;\u00eele du Bonheur.\u00a0 Aruba est une petite \u00eele des Cara\u00efbes situ\u00e9e au nord du Venezuela. Elle","protected":false},"author":1,"featured_media":0,"parent":0,"menu_order":0,"comment_status":"closed","ping_status":"closed","template":"","meta":{"footnotes":""},"class_list":["post-760","page","type-page","status-publish","hentry"],"_links":{"self":[{"href":"https:\/\/colanatravel.com\/en\/wp-json\/wp\/v2\/pages\/760","targetHints":{"allow":["GET"]}}],"collection":[{"href":"https:\/\/colanatravel.com\/en\/wp-json\/wp\/v2\/pages"}],"about":[{"href":"https:\/\/colanatravel.com\/en\/wp-json\/wp\/v2\/types\/page"}],"author":[{"embeddable":true,"href":"https:\/\/colanatravel.com\/en\/wp-json\/wp\/v2\/users\/1"}],"replies":[{"embeddable":true,"href":"https:\/\/colanatravel.com\/en\/wp-json\/wp\/v2\/comments?post=760"}],"version-history":[{"count":22,"href":"https:\/\/colanatravel.com\/en\/wp-json\/wp\/v2\/pages\/760\/revisions"}],"predecessor-version":[{"id":1157,"href":"https:\/\/colanatravel.com\/en\/wp-json\/wp\/v2\/pages\/760\/revisions\/1157"}],"wp:attachment":[{"href":"https:\/\/colanatravel.com\/en\/wp-json\/wp\/v2\/media?parent=760"}],"curies":[{"name":"wp","href":"https:\/\/api.w.org\/{rel}","templated":true}]}}