{"id":521,"date":"2024-02-29T20:12:33","date_gmt":"2024-02-29T20:12:33","guid":{"rendered":"https:\/\/colanatravel.com\/?page_id=521"},"modified":"2026-02-18T22:52:23","modified_gmt":"2026-02-18T22:52:23","slug":"viaja-conmigo","status":"publish","type":"page","link":"https:\/\/colanatravel.com\/en\/viaja-conmigo\/","title":{"rendered":"Voyage avec Colana"},"content":{"rendered":"<div data-elementor-type=\"wp-page\" data-elementor-id=\"521\" class=\"elementor elementor-521\">\n\t\t\t\t<div class=\"elementor-element elementor-element-a64df0a e-flex e-con-boxed e-con e-parent\" data-id=\"a64df0a\" data-element_type=\"container\">\n\t\t\t\t\t<div class=\"e-con-inner\">\n\t\t\t\t<div class=\"elementor-element elementor-element-74ab220 elementor-widget elementor-widget-text-editor\" data-id=\"74ab220\" data-element_type=\"widget\" data-widget_type=\"text-editor.default\">\n\t\t\t\t<div class=\"elementor-widget-container\">\n\t\t\t<style>\/*! elementor - v3.21.0 - 15-04-2024 *\/\n.elementor-widget-text-editor.elementor-drop-cap-view-stacked .elementor-drop-cap{background-color:#69727d;color:#fff}.elementor-widget-text-editor.elementor-drop-cap-view-framed .elementor-drop-cap{color:#69727d;border:3px solid;background-color:transparent}.elementor-widget-text-editor:not(.elementor-drop-cap-view-default) .elementor-drop-cap{margin-top:8px}.elementor-widget-text-editor:not(.elementor-drop-cap-view-default) .elementor-drop-cap-letter{width:1em;height:1em}.elementor-widget-text-editor .elementor-drop-cap{float:left;text-align:center;line-height:1;font-size:50px}.elementor-widget-text-editor .elementor-drop-cap-letter{display:inline-block}<\/style>\t\t\t\t<p>Colana Travel offers inclusive experiences at a very comfortable pace for adults, singles or couples.<\/p><p>Also for adopted people who never knew Colombia, their country of origin.<\/p><p>For three years we have been researching and making sure that these places are suitable and with an authentic and interesting offer for you.<\/p><p>You will visit ancestral villages, take tours of rural coffee farms, where you can share with them a typical lunch cooked over a wood fire and if you prefer to visit the luxury farms, it will also be possible with tours of the coffee process from planting to the cup and taste the smoothest coffee in the world.<\/p><p>Hiking, bird watching, horseback riding through valleys, rivers, beautiful landscapes and mountains, bicycle trips along rural roads, you will immerse yourself in wonderful sulfur hot springs that spring from volcanoes and fresh water waterfalls from the PCCC mountain, all this always surrounded by exotic fauna and flora, farms specialized in the cultivation of orchids, they will teach you how to grow them and learn much more about them.<\/p><p>The incredible cultivation of the silkworm and its process until the transformation and manufacture of magnificent looms, thanks to the entrepreneurship of peasant families who strived for many years to learn about this entire process and turn it into their livelihood.<\/p><p>You will be able to make your favorite gold jewelry with expert jewelers and also different workshops of costume jewelry, ceramics, weaving, basketry, musical instruments and much more with artisans from different regions of the PCCC.<\/p><p>You will fly in tandem on a paraglider, and you will be able to observe the lands of the coffee belt from the sky, landing later near fishing lakes.<\/p><p>You will also be able to navigate the rivers of the PCCC.<\/p><p>All in a single territory where you will contribute to reducing the impact of the carbon footprint due to the short distances between the different attractions.<\/p><p>We will personalize these and many more experiences together and create what you want for your visit in a territory made up of<\/p><p>4 magnificent departments located in the Coffee Cultural Landscape.<\/p><p>Every day will be a new discovery in our diverse Coffee Cultural Landscape World Heritage of Humanity.<\/p><p>With Colana Travel just let yourself be surprised.<\/p>\t\t\t\t\t\t<\/div>\n\t\t\t\t<\/div>\n\t\t\t\t\t<\/div>\n\t\t\t\t<\/div>\n\t\t\t\t<\/div>","protected":false},"excerpt":{"rendered":"<p class=\"tx-excerpt\">Colana travel propose des exp\u00e9riences inclusives \u00e0 un rythme tr\u00e8s confortable pour les adultes, les c\u00e9libataires ou les couples. \u00c9galement pour les personnes","protected":false},"author":1,"featured_media":0,"parent":0,"menu_order":0,"comment_status":"closed","ping_status":"closed","template":"","meta":{"footnotes":""},"class_list":["post-521","page","type-page","status-publish","hentry"],"_links":{"self":[{"href":"https:\/\/colanatravel.com\/en\/wp-json\/wp\/v2\/pages\/521","targetHints":{"allow":["GET"]}}],"collection":[{"href":"https:\/\/colanatravel.com\/en\/wp-json\/wp\/v2\/pages"}],"about":[{"href":"https:\/\/colanatravel.com\/en\/wp-json\/wp\/v2\/types\/page"}],"author":[{"embeddable":true,"href":"https:\/\/colanatravel.com\/en\/wp-json\/wp\/v2\/users\/1"}],"replies":[{"embeddable":true,"href":"https:\/\/colanatravel.com\/en\/wp-json\/wp\/v2\/comments?post=521"}],"version-history":[{"count":7,"href":"https:\/\/colanatravel.com\/en\/wp-json\/wp\/v2\/pages\/521\/revisions"}],"predecessor-version":[{"id":1151,"href":"https:\/\/colanatravel.com\/en\/wp-json\/wp\/v2\/pages\/521\/revisions\/1151"}],"wp:attachment":[{"href":"https:\/\/colanatravel.com\/en\/wp-json\/wp\/v2\/media?parent=521"}],"curies":[{"name":"wp","href":"https:\/\/api.w.org\/{rel}","templated":true}]}}