{"id":513,"date":"2024-02-29T20:10:31","date_gmt":"2024-02-29T20:10:31","guid":{"rendered":"https:\/\/colanatravel.com\/?page_id=513"},"modified":"2026-02-18T13:22:33","modified_gmt":"2026-02-18T13:22:33","slug":"thematiques","status":"publish","type":"page","link":"https:\/\/colanatravel.com\/en\/thematiques\/","title":{"rendered":"Th\u00e8matiques"},"content":{"rendered":"<p>The Coffee Cultural Landscape of Colombia is rich in diversity, wildlife, flora, landscapes, culture, architecture, gastronomy, and well-being. Through texts and photographic material, Colana Travel will illustrate their travel experiences and research on everything this area has to offer. I hope you enjoy it.<\/p>","protected":false},"excerpt":{"rendered":"<p class=\"tx-excerpt\">Le paysage culturel du caf\u00e9 de Colombie est riche en diversit\u00e9, faune, flore, paysages, culture, architecture, gastronomie et bien-\u00eatre. \u00c0 travers des textes","protected":false},"author":1,"featured_media":0,"parent":0,"menu_order":0,"comment_status":"closed","ping_status":"closed","template":"","meta":{"footnotes":""},"class_list":["post-513","page","type-page","status-publish","hentry"],"_links":{"self":[{"href":"https:\/\/colanatravel.com\/en\/wp-json\/wp\/v2\/pages\/513","targetHints":{"allow":["GET"]}}],"collection":[{"href":"https:\/\/colanatravel.com\/en\/wp-json\/wp\/v2\/pages"}],"about":[{"href":"https:\/\/colanatravel.com\/en\/wp-json\/wp\/v2\/types\/page"}],"author":[{"embeddable":true,"href":"https:\/\/colanatravel.com\/en\/wp-json\/wp\/v2\/users\/1"}],"replies":[{"embeddable":true,"href":"https:\/\/colanatravel.com\/en\/wp-json\/wp\/v2\/comments?post=513"}],"version-history":[{"count":2,"href":"https:\/\/colanatravel.com\/en\/wp-json\/wp\/v2\/pages\/513\/revisions"}],"predecessor-version":[{"id":1138,"href":"https:\/\/colanatravel.com\/en\/wp-json\/wp\/v2\/pages\/513\/revisions\/1138"}],"wp:attachment":[{"href":"https:\/\/colanatravel.com\/en\/wp-json\/wp\/v2\/media?parent=513"}],"curies":[{"name":"wp","href":"https:\/\/api.w.org\/{rel}","templated":true}]}}