{"id":505,"date":"2024-02-29T20:39:23","date_gmt":"2024-02-29T20:39:23","guid":{"rendered":"https:\/\/colanatravel.com\/?page_id=505"},"modified":"2026-02-18T22:55:13","modified_gmt":"2026-02-18T22:55:13","slug":"culture","status":"publish","type":"page","link":"https:\/\/colanatravel.com\/en\/thematiques\/culture\/","title":{"rendered":"Culture"},"content":{"rendered":"<div data-elementor-type=\"wp-page\" data-elementor-id=\"505\" class=\"elementor elementor-505\">\n\t\t\t\t<div class=\"elementor-element elementor-element-d523493 e-flex e-con-boxed e-con e-parent\" data-id=\"d523493\" data-element_type=\"container\">\n\t\t\t\t\t<div class=\"e-con-inner\">\n\t\t\t\t<div class=\"elementor-element elementor-element-c36819e elementor-widget elementor-widget-text-editor\" data-id=\"c36819e\" data-element_type=\"widget\" data-widget_type=\"text-editor.default\">\n\t\t\t\t<div class=\"elementor-widget-container\">\n\t\t\t<style>\/*! elementor - v3.21.0 - 15-04-2024 *\/\n.elementor-widget-text-editor.elementor-drop-cap-view-stacked .elementor-drop-cap{background-color:#69727d;color:#fff}.elementor-widget-text-editor.elementor-drop-cap-view-framed .elementor-drop-cap{color:#69727d;border:3px solid;background-color:transparent}.elementor-widget-text-editor:not(.elementor-drop-cap-view-default) .elementor-drop-cap{margin-top:8px}.elementor-widget-text-editor:not(.elementor-drop-cap-view-default) .elementor-drop-cap-letter{width:1em;height:1em}.elementor-widget-text-editor .elementor-drop-cap{float:left;text-align:center;line-height:1;font-size:50px}.elementor-widget-text-editor .elementor-drop-cap-letter{display:inline-block}<\/style>\t\t\t\t<p>The ancestral Ember\u00e1 culture in the central-western region of Colombia (Caldas, Risaralda, Antioquia) differs from the coastal groups (D\u00f3bida) and those in the north (Kat\u00edo) due to its mountainous adaptation, language, and shared customs.\u00a0<\/p><p>They stand out for their deep connection with the rivers and forests, a social organization based on the Jaiban\u00e1 (shamanism) and the governance of the cabildo, and a strong oral tradition.\u00a0<\/p><p>They are artisans. The women are skilled in weaving baskets from bejuco fiber and crafting bead necklaces (woven life) that reflect their worldview, the river, and the forest.\u00a0<\/p><p>Currently, they face cultural preservation challenges due to territorial reduction, acculturation, and violence, seeking to strengthen their identity through schools of knowledge and the defense of their rights.\u00a0<\/p><p>Responsible tourism represents a significant opportunity for the conservation and regeneration of indigenous peoples in Colombia. When led by the communities themselves and oriented toward sustainability, it not only protects culture and the environment but also strengthens the local economy and indigenous autonomy. Thus, tourism ceases to be merely an economic activity and becomes a tool for comprehensive development and cultural preservation in our PCCC.\u00a0<\/p><p>Thank you for being our respectful guest and a lover of our indigenous peoples, the guardians of all our natural and cultural surroundings.\u00a0<\/p><p>With Colana Travel, a bit of our indigenous magic will accompany you, allowing you to live experiences within their indigenous communities.\u00a0<\/p><p>I will tell you, in our new publications, the incredible story of Juli\u00e1n, an Ember\u00e1 who weaves with his feet.<\/p>\t\t\t\t\t\t<\/div>\n\t\t\t\t<\/div>\n\t\t\t\t\t<\/div>\n\t\t\t\t<\/div>\n\t\t<div class=\"elementor-element elementor-element-7f64498 e-flex e-con-boxed e-con e-parent\" data-id=\"7f64498\" data-element_type=\"container\">\n\t\t\t\t\t<div class=\"e-con-inner\">\n\t\t\t\t<div class=\"elementor-element elementor-element-e49eaa0 gallery-spacing-custom elementor-widget elementor-widget-image-gallery\" data-id=\"e49eaa0\" data-element_type=\"widget\" data-widget_type=\"image-gallery.default\">\n\t\t\t\t<div class=\"elementor-widget-container\">\n\t\t\t<style>\/*! elementor - v3.21.0 - 15-04-2024 *\/\n.elementor-image-gallery .gallery-item{display:inline-block;text-align:center;vertical-align:top;width:100%;max-width:100%;margin:0 auto}.elementor-image-gallery .gallery-item img{margin:0 auto}.elementor-image-gallery .gallery-item .gallery-caption{margin:0}.elementor-image-gallery figure img{display:block}.elementor-image-gallery figure figcaption{width:100%}.gallery-spacing-custom .elementor-image-gallery .gallery-icon{padding:0}@media (min-width:768px){.elementor-image-gallery .gallery-columns-2 .gallery-item{max-width:50%}.elementor-image-gallery .gallery-columns-3 .gallery-item{max-width:33.33%}.elementor-image-gallery .gallery-columns-4 .gallery-item{max-width:25%}.elementor-image-gallery .gallery-columns-5 .gallery-item{max-width:20%}.elementor-image-gallery .gallery-columns-6 .gallery-item{max-width:16.666%}.elementor-image-gallery .gallery-columns-7 .gallery-item{max-width:14.28%}.elementor-image-gallery .gallery-columns-8 .gallery-item{max-width:12.5%}.elementor-image-gallery .gallery-columns-9 .gallery-item{max-width:11.11%}.elementor-image-gallery .gallery-columns-10 .gallery-item{max-width:10%}}@media (min-width:480px) and (max-width:767px){.elementor-image-gallery .gallery.gallery-columns-2 .gallery-item,.elementor-image-gallery .gallery.gallery-columns-3 .gallery-item,.elementor-image-gallery .gallery.gallery-columns-4 .gallery-item,.elementor-image-gallery .gallery.gallery-columns-5 .gallery-item,.elementor-image-gallery .gallery.gallery-columns-6 .gallery-item,.elementor-image-gallery .gallery.gallery-columns-7 .gallery-item,.elementor-image-gallery .gallery.gallery-columns-8 .gallery-item,.elementor-image-gallery .gallery.gallery-columns-9 .gallery-item,.elementor-image-gallery .gallery.gallery-columns-10 .gallery-item{max-width:50%}}@media (max-width:479px){.elementor-image-gallery .gallery.gallery-columns-2 .gallery-item,.elementor-image-gallery .gallery.gallery-columns-3 .gallery-item,.elementor-image-gallery .gallery.gallery-columns-4 .gallery-item,.elementor-image-gallery .gallery.gallery-columns-5 .gallery-item,.elementor-image-gallery .gallery.gallery-columns-6 .gallery-item,.elementor-image-gallery .gallery.gallery-columns-7 .gallery-item,.elementor-image-gallery .gallery.gallery-columns-8 .gallery-item,.elementor-image-gallery .gallery.gallery-columns-9 .gallery-item,.elementor-image-gallery .gallery.gallery-columns-10 .gallery-item{max-width:100%}}<\/style>\t\t<div class=\"elementor-image-gallery\">\n\t\t\t<div id='gallery-1' class='gallery galleryid-505 gallery-columns-3 gallery-size-large'><dl class='gallery-item'>\n\t\t\t<dt class='gallery-icon landscape'>\n\t\t\t\t<a data-elementor-open-lightbox=\"yes\" data-elementor-lightbox-slideshow=\"e49eaa0\" data-elementor-lightbox-title=\"PILON C\" data-e-action-hash=\"#elementor-action%3Aaction%3Dlightbox%26settings%3DeyJpZCI6MTAxMiwidXJsIjoiaHR0cHM6XC9cL2NvbGFuYXRyYXZlbC5jb21cL3dwLWNvbnRlbnRcL3VwbG9hZHNcLzIwMjVcLzAyXC9QSUxPTi1DLnBuZyIsInNsaWRlc2hvdyI6ImU0OWVhYTAifQ%3D%3D\" href='https:\/\/colanatravel.com\/wp-content\/uploads\/2025\/02\/PILON-C.png'><img fetchpriority=\"high\" decoding=\"async\" width=\"1024\" height=\"768\" src=\"https:\/\/colanatravel.com\/wp-content\/uploads\/2025\/02\/PILON-C-1024x768.png\" class=\"attachment-large size-large\" alt=\"\" srcset=\"https:\/\/colanatravel.com\/wp-content\/uploads\/2025\/02\/PILON-C-1024x768.png 1024w, https:\/\/colanatravel.com\/wp-content\/uploads\/2025\/02\/PILON-C-300x225.png 300w, https:\/\/colanatravel.com\/wp-content\/uploads\/2025\/02\/PILON-C-768x576.png 768w, https:\/\/colanatravel.com\/wp-content\/uploads\/2025\/02\/PILON-C-16x12.png 16w, https:\/\/colanatravel.com\/wp-content\/uploads\/2025\/02\/PILON-C-100x75.png 100w, https:\/\/colanatravel.com\/wp-content\/uploads\/2025\/02\/PILON-C-360x270.png 360w, https:\/\/colanatravel.com\/wp-content\/uploads\/2025\/02\/PILON-C-373x280.png 373w, https:\/\/colanatravel.com\/wp-content\/uploads\/2025\/02\/PILON-C-80x60.png 80w, https:\/\/colanatravel.com\/wp-content\/uploads\/2025\/02\/PILON-C-620x465.png 620w, https:\/\/colanatravel.com\/wp-content\/uploads\/2025\/02\/PILON-C-460x345.png 460w, https:\/\/colanatravel.com\/wp-content\/uploads\/2025\/02\/PILON-C-365x274.png 365w, https:\/\/colanatravel.com\/wp-content\/uploads\/2025\/02\/PILON-C.png 1280w\" sizes=\"(max-width: 1024px) 100vw, 1024px\" \/><\/a>\n\t\t\t<\/dt><\/dl><dl class='gallery-item'>\n\t\t\t<dt class='gallery-icon portrait'>\n\t\t\t\t<a data-elementor-open-lightbox=\"yes\" data-elementor-lightbox-slideshow=\"e49eaa0\" data-elementor-lightbox-title=\"mural indigena c\" data-e-action-hash=\"#elementor-action%3Aaction%3Dlightbox%26settings%3DeyJpZCI6MTAyMCwidXJsIjoiaHR0cHM6XC9cL2NvbGFuYXRyYXZlbC5jb21cL3dwLWNvbnRlbnRcL3VwbG9hZHNcLzIwMjVcLzAyXC9tdXJhbC1pbmRpZ2VuYS1jLTEucG5nIiwic2xpZGVzaG93IjoiZTQ5ZWFhMCJ9\" href='https:\/\/colanatravel.com\/wp-content\/uploads\/2025\/02\/mural-indigena-c-1.png'><img decoding=\"async\" width=\"576\" height=\"1024\" src=\"https:\/\/colanatravel.com\/wp-content\/uploads\/2025\/02\/mural-indigena-c-1-576x1024.png\" class=\"attachment-large size-large\" alt=\"\" srcset=\"https:\/\/colanatravel.com\/wp-content\/uploads\/2025\/02\/mural-indigena-c-1-576x1024.png 576w, https:\/\/colanatravel.com\/wp-content\/uploads\/2025\/02\/mural-indigena-c-1-169x300.png 169w, https:\/\/colanatravel.com\/wp-content\/uploads\/2025\/02\/mural-indigena-c-1-7x12.png 7w, https:\/\/colanatravel.com\/wp-content\/uploads\/2025\/02\/mural-indigena-c-1-360x640.png 360w, https:\/\/colanatravel.com\/wp-content\/uploads\/2025\/02\/mural-indigena-c-1-373x663.png 373w, https:\/\/colanatravel.com\/wp-content\/uploads\/2025\/02\/mural-indigena-c-1-45x80.png 45w, https:\/\/colanatravel.com\/wp-content\/uploads\/2025\/02\/mural-indigena-c-1-620x1102.png 620w, https:\/\/colanatravel.com\/wp-content\/uploads\/2025\/02\/mural-indigena-c-1-460x818.png 460w, https:\/\/colanatravel.com\/wp-content\/uploads\/2025\/02\/mural-indigena-c-1-365x649.png 365w, https:\/\/colanatravel.com\/wp-content\/uploads\/2025\/02\/mural-indigena-c-1-300x533.png 300w, https:\/\/colanatravel.com\/wp-content\/uploads\/2025\/02\/mural-indigena-c-1.png 720w\" sizes=\"(max-width: 576px) 100vw, 576px\" \/><\/a>\n\t\t\t<\/dt><\/dl><dl class='gallery-item'>\n\t\t\t<dt class='gallery-icon landscape'>\n\t\t\t\t<a data-elementor-open-lightbox=\"yes\" data-elementor-lightbox-slideshow=\"e49eaa0\" data-elementor-lightbox-title=\"folclor c\" data-e-action-hash=\"#elementor-action%3Aaction%3Dlightbox%26settings%3DeyJpZCI6MTAxMywidXJsIjoiaHR0cHM6XC9cL2NvbGFuYXRyYXZlbC5jb21cL3dwLWNvbnRlbnRcL3VwbG9hZHNcLzIwMjVcLzAyXC9mb2xjbG9yLWMucG5nIiwic2xpZGVzaG93IjoiZTQ5ZWFhMCJ9\" href='https:\/\/colanatravel.com\/wp-content\/uploads\/2025\/02\/folclor-c.png'><img decoding=\"async\" width=\"1024\" height=\"576\" src=\"https:\/\/colanatravel.com\/wp-content\/uploads\/2025\/02\/folclor-c-1024x576.png\" class=\"attachment-large size-large\" alt=\"\" srcset=\"https:\/\/colanatravel.com\/wp-content\/uploads\/2025\/02\/folclor-c-1024x576.png 1024w, https:\/\/colanatravel.com\/wp-content\/uploads\/2025\/02\/folclor-c-300x169.png 300w, https:\/\/colanatravel.com\/wp-content\/uploads\/2025\/02\/folclor-c-768x432.png 768w, https:\/\/colanatravel.com\/wp-content\/uploads\/2025\/02\/folclor-c-18x10.png 18w, https:\/\/colanatravel.com\/wp-content\/uploads\/2025\/02\/folclor-c-360x203.png 360w, https:\/\/colanatravel.com\/wp-content\/uploads\/2025\/02\/folclor-c-373x210.png 373w, https:\/\/colanatravel.com\/wp-content\/uploads\/2025\/02\/folclor-c-80x45.png 80w, https:\/\/colanatravel.com\/wp-content\/uploads\/2025\/02\/folclor-c-620x349.png 620w, https:\/\/colanatravel.com\/wp-content\/uploads\/2025\/02\/folclor-c-460x259.png 460w, https:\/\/colanatravel.com\/wp-content\/uploads\/2025\/02\/folclor-c-365x205.png 365w, https:\/\/colanatravel.com\/wp-content\/uploads\/2025\/02\/folclor-c.png 1280w\" sizes=\"(max-width: 1024px) 100vw, 1024px\" \/><\/a>\n\t\t\t<\/dt><\/dl><br style=\"clear: both\" \/>\n\t\t<\/div>\n\t\t<\/div>\n\t\t\t\t<\/div>\n\t\t\t\t<\/div>\n\t\t\t\t\t<\/div>\n\t\t\t\t<\/div>\n\t\t\t\t<\/div>","protected":false},"excerpt":{"rendered":"<p class=\"tx-excerpt\">La culture ancestrale Ember\u00e1 dans le centre-ouest colombien (Caldas, Risaralda, Antioquia) se distingue des groupes c\u00f4tiers (D\u00f3bida) et du nord (Kat\u00edo) par son","protected":false},"author":1,"featured_media":0,"parent":513,"menu_order":0,"comment_status":"closed","ping_status":"closed","template":"","meta":{"footnotes":""},"class_list":["post-505","page","type-page","status-publish","hentry"],"_links":{"self":[{"href":"https:\/\/colanatravel.com\/en\/wp-json\/wp\/v2\/pages\/505","targetHints":{"allow":["GET"]}}],"collection":[{"href":"https:\/\/colanatravel.com\/en\/wp-json\/wp\/v2\/pages"}],"about":[{"href":"https:\/\/colanatravel.com\/en\/wp-json\/wp\/v2\/types\/page"}],"author":[{"embeddable":true,"href":"https:\/\/colanatravel.com\/en\/wp-json\/wp\/v2\/users\/1"}],"replies":[{"embeddable":true,"href":"https:\/\/colanatravel.com\/en\/wp-json\/wp\/v2\/comments?post=505"}],"version-history":[{"count":16,"href":"https:\/\/colanatravel.com\/en\/wp-json\/wp\/v2\/pages\/505\/revisions"}],"predecessor-version":[{"id":1178,"href":"https:\/\/colanatravel.com\/en\/wp-json\/wp\/v2\/pages\/505\/revisions\/1178"}],"up":[{"embeddable":true,"href":"https:\/\/colanatravel.com\/en\/wp-json\/wp\/v2\/pages\/513"}],"wp:attachment":[{"href":"https:\/\/colanatravel.com\/en\/wp-json\/wp\/v2\/media?parent=505"}],"curies":[{"name":"wp","href":"https:\/\/api.w.org\/{rel}","templated":true}]}}