{"id":504,"date":"2024-02-29T20:49:47","date_gmt":"2024-02-29T20:49:47","guid":{"rendered":"https:\/\/colanatravel.com\/?page_id=504"},"modified":"2026-02-18T22:55:04","modified_gmt":"2026-02-18T22:55:04","slug":"paysages","status":"publish","type":"page","link":"https:\/\/colanatravel.com\/en\/thematiques\/paysages\/","title":{"rendered":"Landscapes"},"content":{"rendered":"<div data-elementor-type=\"wp-page\" data-elementor-id=\"504\" class=\"elementor elementor-504\">\n\t\t\t\t<div class=\"elementor-element elementor-element-1090bf8 e-flex e-con-boxed e-con e-parent\" data-id=\"1090bf8\" data-element_type=\"container\">\n\t\t\t\t\t<div class=\"e-con-inner\">\n\t\t\t\t<div class=\"elementor-element elementor-element-0fbfa22 elementor-widget elementor-widget-text-editor\" data-id=\"0fbfa22\" data-element_type=\"widget\" data-widget_type=\"text-editor.default\">\n\t\t\t\t<div class=\"elementor-widget-container\">\n\t\t\t<style>\/*! elementor - v3.21.0 - 15-04-2024 *\/\n.elementor-widget-text-editor.elementor-drop-cap-view-stacked .elementor-drop-cap{background-color:#69727d;color:#fff}.elementor-widget-text-editor.elementor-drop-cap-view-framed .elementor-drop-cap{color:#69727d;border:3px solid;background-color:transparent}.elementor-widget-text-editor:not(.elementor-drop-cap-view-default) .elementor-drop-cap{margin-top:8px}.elementor-widget-text-editor:not(.elementor-drop-cap-view-default) .elementor-drop-cap-letter{width:1em;height:1em}.elementor-widget-text-editor .elementor-drop-cap{float:left;text-align:center;line-height:1;font-size:50px}.elementor-widget-text-editor .elementor-drop-cap-letter{display:inline-block}<\/style>\t\t\t\t<p>The landscapes of the western region are unique, shaped by the majestic Central and Western mountain ranges, which create an impressive diversity of altitudes and climates.<\/p><p>What makes this region special is its subtropical climate, rich biodiversity, and unique ecosystems. Here you will find lush flora, towering mountains, dense forests, crystal-clear rivers, and the iconic Coffee Cultural Landscape, a natural and cultural treasure of great value.<\/p><p>It can be explored along its trails by Jeep Willis, on horseback, by bicycle\u2026 or according to each visitor\u2019s preference. Unforgettable moments can be captured with a camera, while relaxing and admiring the green landscapes and breathtaking sunsets from stunning viewpoints, accompanied by a local farmer with a cup of coffee and a specialized guide.<\/p><p>I share my COLANA TRAVEL photos here every time you visit the page.<\/p><p>Visitors will leave an unforgettable mark through their contribution, helping to care for and preserve this wonderful Coffee Cultural Landscape.<\/p><p>Colana Travel loves its farmers and wants them to be the first to receive part of the benefits of this authentic, sustainable, and regenerative experience.<\/p><p>Welcome to Colombia, a country full of beauty and life. Every visitor becomes one more exotic flower added to this paradise.<\/p>\t\t\t\t\t\t<\/div>\n\t\t\t\t<\/div>\n\t\t\t\t\t<\/div>\n\t\t\t\t<\/div>\n\t\t<div class=\"elementor-element elementor-element-30c12f6 e-flex e-con-boxed e-con e-parent\" data-id=\"30c12f6\" data-element_type=\"container\">\n\t\t\t\t\t<div class=\"e-con-inner\">\n\t\t\t\t<div class=\"elementor-element elementor-element-7416262 gallery-spacing-custom elementor-widget elementor-widget-image-gallery\" data-id=\"7416262\" data-element_type=\"widget\" data-widget_type=\"image-gallery.default\">\n\t\t\t\t<div class=\"elementor-widget-container\">\n\t\t\t<style>\/*! elementor - v3.21.0 - 15-04-2024 *\/\n.elementor-image-gallery .gallery-item{display:inline-block;text-align:center;vertical-align:top;width:100%;max-width:100%;margin:0 auto}.elementor-image-gallery .gallery-item img{margin:0 auto}.elementor-image-gallery .gallery-item .gallery-caption{margin:0}.elementor-image-gallery figure img{display:block}.elementor-image-gallery figure figcaption{width:100%}.gallery-spacing-custom .elementor-image-gallery .gallery-icon{padding:0}@media (min-width:768px){.elementor-image-gallery .gallery-columns-2 .gallery-item{max-width:50%}.elementor-image-gallery .gallery-columns-3 .gallery-item{max-width:33.33%}.elementor-image-gallery .gallery-columns-4 .gallery-item{max-width:25%}.elementor-image-gallery .gallery-columns-5 .gallery-item{max-width:20%}.elementor-image-gallery .gallery-columns-6 .gallery-item{max-width:16.666%}.elementor-image-gallery .gallery-columns-7 .gallery-item{max-width:14.28%}.elementor-image-gallery .gallery-columns-8 .gallery-item{max-width:12.5%}.elementor-image-gallery .gallery-columns-9 .gallery-item{max-width:11.11%}.elementor-image-gallery .gallery-columns-10 .gallery-item{max-width:10%}}@media (min-width:480px) and (max-width:767px){.elementor-image-gallery .gallery.gallery-columns-2 .gallery-item,.elementor-image-gallery .gallery.gallery-columns-3 .gallery-item,.elementor-image-gallery .gallery.gallery-columns-4 .gallery-item,.elementor-image-gallery .gallery.gallery-columns-5 .gallery-item,.elementor-image-gallery .gallery.gallery-columns-6 .gallery-item,.elementor-image-gallery .gallery.gallery-columns-7 .gallery-item,.elementor-image-gallery .gallery.gallery-columns-8 .gallery-item,.elementor-image-gallery .gallery.gallery-columns-9 .gallery-item,.elementor-image-gallery .gallery.gallery-columns-10 .gallery-item{max-width:50%}}@media (max-width:479px){.elementor-image-gallery .gallery.gallery-columns-2 .gallery-item,.elementor-image-gallery .gallery.gallery-columns-3 .gallery-item,.elementor-image-gallery .gallery.gallery-columns-4 .gallery-item,.elementor-image-gallery .gallery.gallery-columns-5 .gallery-item,.elementor-image-gallery .gallery.gallery-columns-6 .gallery-item,.elementor-image-gallery .gallery.gallery-columns-7 .gallery-item,.elementor-image-gallery .gallery.gallery-columns-8 .gallery-item,.elementor-image-gallery .gallery.gallery-columns-9 .gallery-item,.elementor-image-gallery .gallery.gallery-columns-10 .gallery-item{max-width:100%}}<\/style>\t\t<div class=\"elementor-image-gallery\">\n\t\t\t<div id='gallery-1' class='gallery galleryid-504 gallery-columns-3 gallery-size-large'><dl class='gallery-item'>\n\t\t\t<dt class='gallery-icon landscape'>\n\t\t\t\t<a data-elementor-open-lightbox=\"yes\" data-elementor-lightbox-slideshow=\"7416262\" data-elementor-lightbox-title=\"Belalcazar Risaralda c\" data-e-action-hash=\"#elementor-action%3Aaction%3Dlightbox%26settings%3DeyJpZCI6OTkzLCJ1cmwiOiJodHRwczpcL1wvY29sYW5hdHJhdmVsLmNvbVwvd3AtY29udGVudFwvdXBsb2Fkc1wvMjAyNVwvMDJcL0JlbGFsY2F6YXItUmlzYXJhbGRhLWMucG5nIiwic2xpZGVzaG93IjoiNzQxNjI2MiJ9\" href='https:\/\/colanatravel.com\/wp-content\/uploads\/2025\/02\/Belalcazar-Risaralda-c.png'><img fetchpriority=\"high\" decoding=\"async\" width=\"1024\" height=\"576\" src=\"https:\/\/colanatravel.com\/wp-content\/uploads\/2025\/02\/Belalcazar-Risaralda-c-1024x576.png\" class=\"attachment-large size-large\" alt=\"\" srcset=\"https:\/\/colanatravel.com\/wp-content\/uploads\/2025\/02\/Belalcazar-Risaralda-c-1024x576.png 1024w, https:\/\/colanatravel.com\/wp-content\/uploads\/2025\/02\/Belalcazar-Risaralda-c-300x169.png 300w, https:\/\/colanatravel.com\/wp-content\/uploads\/2025\/02\/Belalcazar-Risaralda-c-768x432.png 768w, https:\/\/colanatravel.com\/wp-content\/uploads\/2025\/02\/Belalcazar-Risaralda-c-18x10.png 18w, https:\/\/colanatravel.com\/wp-content\/uploads\/2025\/02\/Belalcazar-Risaralda-c-360x203.png 360w, https:\/\/colanatravel.com\/wp-content\/uploads\/2025\/02\/Belalcazar-Risaralda-c-373x210.png 373w, https:\/\/colanatravel.com\/wp-content\/uploads\/2025\/02\/Belalcazar-Risaralda-c-80x45.png 80w, https:\/\/colanatravel.com\/wp-content\/uploads\/2025\/02\/Belalcazar-Risaralda-c-620x349.png 620w, https:\/\/colanatravel.com\/wp-content\/uploads\/2025\/02\/Belalcazar-Risaralda-c-460x259.png 460w, https:\/\/colanatravel.com\/wp-content\/uploads\/2025\/02\/Belalcazar-Risaralda-c-365x205.png 365w, https:\/\/colanatravel.com\/wp-content\/uploads\/2025\/02\/Belalcazar-Risaralda-c.png 1280w\" sizes=\"(max-width: 1024px) 100vw, 1024px\" \/><\/a>\n\t\t\t<\/dt><\/dl><dl class='gallery-item'>\n\t\t\t<dt class='gallery-icon landscape'>\n\t\t\t\t<a data-elementor-open-lightbox=\"yes\" data-elementor-lightbox-slideshow=\"7416262\" data-elementor-lightbox-title=\"paisaje amanecer c.\" data-e-action-hash=\"#elementor-action%3Aaction%3Dlightbox%26settings%3DeyJpZCI6OTk0LCJ1cmwiOiJodHRwczpcL1wvY29sYW5hdHJhdmVsLmNvbVwvd3AtY29udGVudFwvdXBsb2Fkc1wvMjAyNVwvMDJcL3BhaXNhamUtYW1hbmVjZXItYy5wbmciLCJzbGlkZXNob3ciOiI3NDE2MjYyIn0%3D\" href='https:\/\/colanatravel.com\/wp-content\/uploads\/2025\/02\/paisaje-amanecer-c.png'><img decoding=\"async\" width=\"1024\" height=\"768\" src=\"https:\/\/colanatravel.com\/wp-content\/uploads\/2025\/02\/paisaje-amanecer-c-1024x768.png\" class=\"attachment-large size-large\" alt=\"\" srcset=\"https:\/\/colanatravel.com\/wp-content\/uploads\/2025\/02\/paisaje-amanecer-c-1024x768.png 1024w, https:\/\/colanatravel.com\/wp-content\/uploads\/2025\/02\/paisaje-amanecer-c-300x225.png 300w, https:\/\/colanatravel.com\/wp-content\/uploads\/2025\/02\/paisaje-amanecer-c-768x576.png 768w, https:\/\/colanatravel.com\/wp-content\/uploads\/2025\/02\/paisaje-amanecer-c-16x12.png 16w, https:\/\/colanatravel.com\/wp-content\/uploads\/2025\/02\/paisaje-amanecer-c-100x75.png 100w, https:\/\/colanatravel.com\/wp-content\/uploads\/2025\/02\/paisaje-amanecer-c-360x270.png 360w, https:\/\/colanatravel.com\/wp-content\/uploads\/2025\/02\/paisaje-amanecer-c-373x280.png 373w, https:\/\/colanatravel.com\/wp-content\/uploads\/2025\/02\/paisaje-amanecer-c-80x60.png 80w, https:\/\/colanatravel.com\/wp-content\/uploads\/2025\/02\/paisaje-amanecer-c-620x465.png 620w, https:\/\/colanatravel.com\/wp-content\/uploads\/2025\/02\/paisaje-amanecer-c-460x345.png 460w, https:\/\/colanatravel.com\/wp-content\/uploads\/2025\/02\/paisaje-amanecer-c-365x274.png 365w, https:\/\/colanatravel.com\/wp-content\/uploads\/2025\/02\/paisaje-amanecer-c.png 1280w\" sizes=\"(max-width: 1024px) 100vw, 1024px\" \/><\/a>\n\t\t\t<\/dt><\/dl><dl class='gallery-item'>\n\t\t\t<dt class='gallery-icon landscape'>\n\t\t\t\t<a data-elementor-open-lightbox=\"yes\" data-elementor-lightbox-slideshow=\"7416262\" data-elementor-lightbox-title=\"paisaje finca intrepida 2 c\" data-e-action-hash=\"#elementor-action%3Aaction%3Dlightbox%26settings%3DeyJpZCI6OTk2LCJ1cmwiOiJodHRwczpcL1wvY29sYW5hdHJhdmVsLmNvbVwvd3AtY29udGVudFwvdXBsb2Fkc1wvMjAyNVwvMDJcL3BhaXNhamUtZmluY2EtaW50cmVwaWRhLTItYy5wbmciLCJzbGlkZXNob3ciOiI3NDE2MjYyIn0%3D\" href='https:\/\/colanatravel.com\/wp-content\/uploads\/2025\/02\/paisaje-finca-intrepida-2-c.png'><img decoding=\"async\" width=\"1024\" height=\"498\" src=\"https:\/\/colanatravel.com\/wp-content\/uploads\/2025\/02\/paisaje-finca-intrepida-2-c-1024x498.png\" class=\"attachment-large size-large\" alt=\"\" srcset=\"https:\/\/colanatravel.com\/wp-content\/uploads\/2025\/02\/paisaje-finca-intrepida-2-c-1024x498.png 1024w, https:\/\/colanatravel.com\/wp-content\/uploads\/2025\/02\/paisaje-finca-intrepida-2-c-300x146.png 300w, https:\/\/colanatravel.com\/wp-content\/uploads\/2025\/02\/paisaje-finca-intrepida-2-c-768x373.png 768w, https:\/\/colanatravel.com\/wp-content\/uploads\/2025\/02\/paisaje-finca-intrepida-2-c-18x9.png 18w, https:\/\/colanatravel.com\/wp-content\/uploads\/2025\/02\/paisaje-finca-intrepida-2-c-360x175.png 360w, https:\/\/colanatravel.com\/wp-content\/uploads\/2025\/02\/paisaje-finca-intrepida-2-c-373x181.png 373w, https:\/\/colanatravel.com\/wp-content\/uploads\/2025\/02\/paisaje-finca-intrepida-2-c-80x39.png 80w, https:\/\/colanatravel.com\/wp-content\/uploads\/2025\/02\/paisaje-finca-intrepida-2-c-620x301.png 620w, https:\/\/colanatravel.com\/wp-content\/uploads\/2025\/02\/paisaje-finca-intrepida-2-c-460x224.png 460w, https:\/\/colanatravel.com\/wp-content\/uploads\/2025\/02\/paisaje-finca-intrepida-2-c-365x177.png 365w, https:\/\/colanatravel.com\/wp-content\/uploads\/2025\/02\/paisaje-finca-intrepida-2-c.png 1280w\" sizes=\"(max-width: 1024px) 100vw, 1024px\" \/><\/a>\n\t\t\t<\/dt><\/dl><br style=\"clear: both\" \/><dl class='gallery-item'>\n\t\t\t<dt class='gallery-icon landscape'>\n\t\t\t\t<a data-elementor-open-lightbox=\"yes\" data-elementor-lightbox-slideshow=\"7416262\" data-elementor-lightbox-title=\"paisaje guaduales c,\" data-e-action-hash=\"#elementor-action%3Aaction%3Dlightbox%26settings%3DeyJpZCI6OTk3LCJ1cmwiOiJodHRwczpcL1wvY29sYW5hdHJhdmVsLmNvbVwvd3AtY29udGVudFwvdXBsb2Fkc1wvMjAyNVwvMDJcL3BhaXNhamUtZ3VhZHVhbGVzLWMucG5nIiwic2xpZGVzaG93IjoiNzQxNjI2MiJ9\" href='https:\/\/colanatravel.com\/wp-content\/uploads\/2025\/02\/paisaje-guaduales-c.png'><img loading=\"lazy\" decoding=\"async\" width=\"1024\" height=\"768\" src=\"https:\/\/colanatravel.com\/wp-content\/uploads\/2025\/02\/paisaje-guaduales-c-1024x768.png\" class=\"attachment-large size-large\" alt=\"\" srcset=\"https:\/\/colanatravel.com\/wp-content\/uploads\/2025\/02\/paisaje-guaduales-c-1024x768.png 1024w, https:\/\/colanatravel.com\/wp-content\/uploads\/2025\/02\/paisaje-guaduales-c-300x225.png 300w, https:\/\/colanatravel.com\/wp-content\/uploads\/2025\/02\/paisaje-guaduales-c-768x576.png 768w, https:\/\/colanatravel.com\/wp-content\/uploads\/2025\/02\/paisaje-guaduales-c-16x12.png 16w, https:\/\/colanatravel.com\/wp-content\/uploads\/2025\/02\/paisaje-guaduales-c-100x75.png 100w, https:\/\/colanatravel.com\/wp-content\/uploads\/2025\/02\/paisaje-guaduales-c-360x270.png 360w, https:\/\/colanatravel.com\/wp-content\/uploads\/2025\/02\/paisaje-guaduales-c-373x280.png 373w, https:\/\/colanatravel.com\/wp-content\/uploads\/2025\/02\/paisaje-guaduales-c-80x60.png 80w, https:\/\/colanatravel.com\/wp-content\/uploads\/2025\/02\/paisaje-guaduales-c-620x465.png 620w, https:\/\/colanatravel.com\/wp-content\/uploads\/2025\/02\/paisaje-guaduales-c-460x345.png 460w, https:\/\/colanatravel.com\/wp-content\/uploads\/2025\/02\/paisaje-guaduales-c-365x274.png 365w, https:\/\/colanatravel.com\/wp-content\/uploads\/2025\/02\/paisaje-guaduales-c.png 1280w\" sizes=\"(max-width: 1024px) 100vw, 1024px\" \/><\/a>\n\t\t\t<\/dt><\/dl><dl class='gallery-item'>\n\t\t\t<dt class='gallery-icon portrait'>\n\t\t\t\t<a data-elementor-open-lightbox=\"yes\" data-elementor-lightbox-slideshow=\"7416262\" data-elementor-lightbox-title=\"planta de cafe y paysaje\" data-e-action-hash=\"#elementor-action%3Aaction%3Dlightbox%26settings%3DeyJpZCI6OTkyLCJ1cmwiOiJodHRwczpcL1wvY29sYW5hdHJhdmVsLmNvbVwvd3AtY29udGVudFwvdXBsb2Fkc1wvMjAyNVwvMDJcL3BsYW50YS1kZS1jYWZlLXktcGF5c2FqZS5wbmciLCJzbGlkZXNob3ciOiI3NDE2MjYyIn0%3D\" href='https:\/\/colanatravel.com\/wp-content\/uploads\/2025\/02\/planta-de-cafe-y-paysaje.png'><img loading=\"lazy\" decoding=\"async\" width=\"768\" height=\"1024\" src=\"https:\/\/colanatravel.com\/wp-content\/uploads\/2025\/02\/planta-de-cafe-y-paysaje-768x1024.png\" class=\"attachment-large size-large\" alt=\"\" srcset=\"https:\/\/colanatravel.com\/wp-content\/uploads\/2025\/02\/planta-de-cafe-y-paysaje-768x1024.png 768w, https:\/\/colanatravel.com\/wp-content\/uploads\/2025\/02\/planta-de-cafe-y-paysaje-225x300.png 225w, https:\/\/colanatravel.com\/wp-content\/uploads\/2025\/02\/planta-de-cafe-y-paysaje-9x12.png 9w, https:\/\/colanatravel.com\/wp-content\/uploads\/2025\/02\/planta-de-cafe-y-paysaje-360x480.png 360w, https:\/\/colanatravel.com\/wp-content\/uploads\/2025\/02\/planta-de-cafe-y-paysaje-373x497.png 373w, https:\/\/colanatravel.com\/wp-content\/uploads\/2025\/02\/planta-de-cafe-y-paysaje-60x80.png 60w, https:\/\/colanatravel.com\/wp-content\/uploads\/2025\/02\/planta-de-cafe-y-paysaje-620x827.png 620w, https:\/\/colanatravel.com\/wp-content\/uploads\/2025\/02\/planta-de-cafe-y-paysaje-460x613.png 460w, https:\/\/colanatravel.com\/wp-content\/uploads\/2025\/02\/planta-de-cafe-y-paysaje-365x487.png 365w, https:\/\/colanatravel.com\/wp-content\/uploads\/2025\/02\/planta-de-cafe-y-paysaje-300x400.png 300w, https:\/\/colanatravel.com\/wp-content\/uploads\/2025\/02\/planta-de-cafe-y-paysaje.png 960w\" sizes=\"(max-width: 768px) 100vw, 768px\" \/><\/a>\n\t\t\t<\/dt><\/dl>\n\t\t\t<br style='clear: both' \/>\n\t\t<\/div>\n\t\t<\/div>\n\t\t\t\t<\/div>\n\t\t\t\t<\/div>\n\t\t\t\t\t<\/div>\n\t\t\t\t<\/div>\n\t\t\t\t<\/div>","protected":false},"excerpt":{"rendered":"<p class=\"tx-excerpt\">Les paysages de la r\u00e9gion occidentale sont uniques, fa\u00e7onn\u00e9s par les majestueuses cordill\u00e8res Centrale et Occidentale, qui cr\u00e9ent une impressionnante diversit\u00e9 d\u2019altitudes et","protected":false},"author":1,"featured_media":0,"parent":513,"menu_order":0,"comment_status":"closed","ping_status":"closed","template":"","meta":{"footnotes":""},"class_list":["post-504","page","type-page","status-publish","hentry"],"_links":{"self":[{"href":"https:\/\/colanatravel.com\/en\/wp-json\/wp\/v2\/pages\/504","targetHints":{"allow":["GET"]}}],"collection":[{"href":"https:\/\/colanatravel.com\/en\/wp-json\/wp\/v2\/pages"}],"about":[{"href":"https:\/\/colanatravel.com\/en\/wp-json\/wp\/v2\/types\/page"}],"author":[{"embeddable":true,"href":"https:\/\/colanatravel.com\/en\/wp-json\/wp\/v2\/users\/1"}],"replies":[{"embeddable":true,"href":"https:\/\/colanatravel.com\/en\/wp-json\/wp\/v2\/comments?post=504"}],"version-history":[{"count":11,"href":"https:\/\/colanatravel.com\/en\/wp-json\/wp\/v2\/pages\/504\/revisions"}],"predecessor-version":[{"id":1175,"href":"https:\/\/colanatravel.com\/en\/wp-json\/wp\/v2\/pages\/504\/revisions\/1175"}],"up":[{"embeddable":true,"href":"https:\/\/colanatravel.com\/en\/wp-json\/wp\/v2\/pages\/513"}],"wp:attachment":[{"href":"https:\/\/colanatravel.com\/en\/wp-json\/wp\/v2\/media?parent=504"}],"curies":[{"name":"wp","href":"https:\/\/api.w.org\/{rel}","templated":true}]}}