{"id":503,"date":"2024-02-29T20:39:27","date_gmt":"2024-02-29T20:39:27","guid":{"rendered":"https:\/\/colanatravel.com\/?page_id=503"},"modified":"2026-02-18T22:54:50","modified_gmt":"2026-02-18T22:54:50","slug":"flore","status":"publish","type":"page","link":"https:\/\/colanatravel.com\/en\/thematiques\/flore\/","title":{"rendered":"Flower"},"content":{"rendered":"<div data-elementor-type=\"wp-page\" data-elementor-id=\"503\" class=\"elementor elementor-503\">\n\t\t\t\t<div class=\"elementor-element elementor-element-44ee3ee e-flex e-con-boxed e-con e-parent\" data-id=\"44ee3ee\" data-element_type=\"container\">\n\t\t\t\t\t<div class=\"e-con-inner\">\n\t\t\t\t<div class=\"elementor-element elementor-element-c681b7a elementor-widget elementor-widget-text-editor\" data-id=\"c681b7a\" data-element_type=\"widget\" data-widget_type=\"text-editor.default\">\n\t\t\t\t<div class=\"elementor-widget-container\">\n\t\t\t<style>\/*! elementor - v3.21.0 - 15-04-2024 *\/\n.elementor-widget-text-editor.elementor-drop-cap-view-stacked .elementor-drop-cap{background-color:#69727d;color:#fff}.elementor-widget-text-editor.elementor-drop-cap-view-framed .elementor-drop-cap{color:#69727d;border:3px solid;background-color:transparent}.elementor-widget-text-editor:not(.elementor-drop-cap-view-default) .elementor-drop-cap{margin-top:8px}.elementor-widget-text-editor:not(.elementor-drop-cap-view-default) .elementor-drop-cap-letter{width:1em;height:1em}.elementor-widget-text-editor .elementor-drop-cap{float:left;text-align:center;line-height:1;font-size:50px}.elementor-widget-text-editor .elementor-drop-cap-letter{display:inline-block}<\/style>\t\t\t\t<p><strong>Colombia has more than 50,000 plant species, including endemic ones. <\/strong>esp\u00e8ces de plantes, dont certaines sont end\u00e9miques.<\/p><p>The western flora plays a fundamental role in the ecological balance of the region. These plants provide food and shelter for a large number of animal species, including birds, mammals, reptiles, and insects. In addition, many of these plant species have medicinal properties and are used by local communities to treat various illnesses.<\/p><p>The western region of Colombia, with its subtropical climate, has diverse flora including orchids, bromeliads, and trees such as cedar and oak, which are essential for wildlife and have medicinal properties.<\/p><p>My parents taught me to recognize the plants that could help heal certain illnesses. I study and continue discovering the plants and trees found in the different places around me. During your trips to the PCC (Coffee Cultural Landscape), the guides will tell you about the flore<\/p>\t\t\t\t\t\t<\/div>\n\t\t\t\t<\/div>\n\t\t\t\t\t<\/div>\n\t\t\t\t<\/div>\n\t\t<div class=\"elementor-element elementor-element-b555e09 e-flex e-con-boxed e-con e-parent\" data-id=\"b555e09\" data-element_type=\"container\">\n\t\t\t\t\t<div class=\"e-con-inner\">\n\t\t<div class=\"elementor-element elementor-element-df9141c e-con-full e-flex e-con e-child\" data-id=\"df9141c\" data-element_type=\"container\">\n\t\t\t\t<div class=\"elementor-element elementor-element-513de7e elementor-widget elementor-widget-image\" data-id=\"513de7e\" data-element_type=\"widget\" data-widget_type=\"image.default\">\n\t\t\t\t<div class=\"elementor-widget-container\">\n\t\t\t<style>\/*! elementor - v3.21.0 - 15-04-2024 *\/\n.elementor-widget-image{text-align:center}.elementor-widget-image a{display:inline-block}.elementor-widget-image a img[src$=\".svg\"]{width:48px}.elementor-widget-image img{vertical-align:middle;display:inline-block}<\/style>\t\t\t\t\t\t\t\t\t\t<img fetchpriority=\"high\" decoding=\"async\" width=\"1024\" height=\"1024\" src=\"https:\/\/colanatravel.com\/wp-content\/uploads\/2025\/04\/flora-frutos-bio-1024x576-1.jpg\" class=\"attachment-large size-large wp-image-1066\" alt=\"\" srcset=\"https:\/\/colanatravel.com\/wp-content\/uploads\/2025\/04\/flora-frutos-bio-1024x576-1.jpg 1024w, https:\/\/colanatravel.com\/wp-content\/uploads\/2025\/04\/flora-frutos-bio-1024x576-1-300x300.jpg 300w, https:\/\/colanatravel.com\/wp-content\/uploads\/2025\/04\/flora-frutos-bio-1024x576-1-150x150.jpg 150w, https:\/\/colanatravel.com\/wp-content\/uploads\/2025\/04\/flora-frutos-bio-1024x576-1-768x768.jpg 768w, https:\/\/colanatravel.com\/wp-content\/uploads\/2025\/04\/flora-frutos-bio-1024x576-1-12x12.jpg 12w, https:\/\/colanatravel.com\/wp-content\/uploads\/2025\/04\/flora-frutos-bio-1024x576-1-525x525.jpg 525w, https:\/\/colanatravel.com\/wp-content\/uploads\/2025\/04\/flora-frutos-bio-1024x576-1-360x360.jpg 360w, https:\/\/colanatravel.com\/wp-content\/uploads\/2025\/04\/flora-frutos-bio-1024x576-1-373x373.jpg 373w, https:\/\/colanatravel.com\/wp-content\/uploads\/2025\/04\/flora-frutos-bio-1024x576-1-80x80.jpg 80w, https:\/\/colanatravel.com\/wp-content\/uploads\/2025\/04\/flora-frutos-bio-1024x576-1-620x620.jpg 620w, https:\/\/colanatravel.com\/wp-content\/uploads\/2025\/04\/flora-frutos-bio-1024x576-1-460x460.jpg 460w, https:\/\/colanatravel.com\/wp-content\/uploads\/2025\/04\/flora-frutos-bio-1024x576-1-365x365.jpg 365w\" sizes=\"(max-width: 1024px) 100vw, 1024px\" \/>\t\t\t\t\t\t\t\t\t\t\t\t\t<\/div>\n\t\t\t\t<\/div>\n\t\t\t\t<\/div>\n\t\t<div class=\"elementor-element elementor-element-bda1bfa e-con-full e-flex e-con e-child\" data-id=\"bda1bfa\" data-element_type=\"container\">\n\t\t\t\t<div class=\"elementor-element elementor-element-6e72271 elementor-widget elementor-widget-image\" data-id=\"6e72271\" data-element_type=\"widget\" data-widget_type=\"image.default\">\n\t\t\t\t<div class=\"elementor-widget-container\">\n\t\t\t\t\t\t\t\t\t\t\t\t\t<img decoding=\"async\" width=\"1024\" height=\"1024\" src=\"https:\/\/colanatravel.com\/wp-content\/uploads\/2025\/04\/colage-para-web-flora-1024x1024-1.jpg\" class=\"attachment-large size-large wp-image-1068\" alt=\"\" srcset=\"https:\/\/colanatravel.com\/wp-content\/uploads\/2025\/04\/colage-para-web-flora-1024x1024-1.jpg 1024w, https:\/\/colanatravel.com\/wp-content\/uploads\/2025\/04\/colage-para-web-flora-1024x1024-1-300x300.jpg 300w, https:\/\/colanatravel.com\/wp-content\/uploads\/2025\/04\/colage-para-web-flora-1024x1024-1-150x150.jpg 150w, https:\/\/colanatravel.com\/wp-content\/uploads\/2025\/04\/colage-para-web-flora-1024x1024-1-768x768.jpg 768w, https:\/\/colanatravel.com\/wp-content\/uploads\/2025\/04\/colage-para-web-flora-1024x1024-1-12x12.jpg 12w, https:\/\/colanatravel.com\/wp-content\/uploads\/2025\/04\/colage-para-web-flora-1024x1024-1-525x525.jpg 525w, https:\/\/colanatravel.com\/wp-content\/uploads\/2025\/04\/colage-para-web-flora-1024x1024-1-360x360.jpg 360w, https:\/\/colanatravel.com\/wp-content\/uploads\/2025\/04\/colage-para-web-flora-1024x1024-1-373x373.jpg 373w, https:\/\/colanatravel.com\/wp-content\/uploads\/2025\/04\/colage-para-web-flora-1024x1024-1-80x80.jpg 80w, https:\/\/colanatravel.com\/wp-content\/uploads\/2025\/04\/colage-para-web-flora-1024x1024-1-620x620.jpg 620w, https:\/\/colanatravel.com\/wp-content\/uploads\/2025\/04\/colage-para-web-flora-1024x1024-1-460x460.jpg 460w, https:\/\/colanatravel.com\/wp-content\/uploads\/2025\/04\/colage-para-web-flora-1024x1024-1-365x365.jpg 365w\" sizes=\"(max-width: 1024px) 100vw, 1024px\" \/>\t\t\t\t\t\t\t\t\t\t\t\t\t<\/div>\n\t\t\t\t<\/div>\n\t\t\t\t<\/div>\n\t\t<div class=\"elementor-element elementor-element-897023d e-con-full e-flex e-con e-child\" data-id=\"897023d\" data-element_type=\"container\">\n\t\t\t\t<div class=\"elementor-element elementor-element-05682e3 elementor-widget elementor-widget-image\" data-id=\"05682e3\" data-element_type=\"widget\" data-widget_type=\"image.default\">\n\t\t\t\t<div class=\"elementor-widget-container\">\n\t\t\t\t\t\t\t\t\t\t\t\t\t<img decoding=\"async\" width=\"1024\" height=\"1024\" src=\"https:\/\/colanatravel.com\/wp-content\/uploads\/2025\/04\/flora-comprimidaorquidea-silvestre-1024x834-1.jpg\" class=\"attachment-large size-large wp-image-1067\" alt=\"\" srcset=\"https:\/\/colanatravel.com\/wp-content\/uploads\/2025\/04\/flora-comprimidaorquidea-silvestre-1024x834-1.jpg 1024w, https:\/\/colanatravel.com\/wp-content\/uploads\/2025\/04\/flora-comprimidaorquidea-silvestre-1024x834-1-300x300.jpg 300w, https:\/\/colanatravel.com\/wp-content\/uploads\/2025\/04\/flora-comprimidaorquidea-silvestre-1024x834-1-150x150.jpg 150w, https:\/\/colanatravel.com\/wp-content\/uploads\/2025\/04\/flora-comprimidaorquidea-silvestre-1024x834-1-768x768.jpg 768w, https:\/\/colanatravel.com\/wp-content\/uploads\/2025\/04\/flora-comprimidaorquidea-silvestre-1024x834-1-12x12.jpg 12w, https:\/\/colanatravel.com\/wp-content\/uploads\/2025\/04\/flora-comprimidaorquidea-silvestre-1024x834-1-525x525.jpg 525w, https:\/\/colanatravel.com\/wp-content\/uploads\/2025\/04\/flora-comprimidaorquidea-silvestre-1024x834-1-360x360.jpg 360w, https:\/\/colanatravel.com\/wp-content\/uploads\/2025\/04\/flora-comprimidaorquidea-silvestre-1024x834-1-373x373.jpg 373w, https:\/\/colanatravel.com\/wp-content\/uploads\/2025\/04\/flora-comprimidaorquidea-silvestre-1024x834-1-80x80.jpg 80w, https:\/\/colanatravel.com\/wp-content\/uploads\/2025\/04\/flora-comprimidaorquidea-silvestre-1024x834-1-620x620.jpg 620w, https:\/\/colanatravel.com\/wp-content\/uploads\/2025\/04\/flora-comprimidaorquidea-silvestre-1024x834-1-460x460.jpg 460w, https:\/\/colanatravel.com\/wp-content\/uploads\/2025\/04\/flora-comprimidaorquidea-silvestre-1024x834-1-365x365.jpg 365w\" sizes=\"(max-width: 1024px) 100vw, 1024px\" \/>\t\t\t\t\t\t\t\t\t\t\t\t\t<\/div>\n\t\t\t\t<\/div>\n\t\t\t\t<\/div>\n\t\t<div class=\"elementor-element elementor-element-df7609d e-con-full e-flex e-con e-child\" data-id=\"df7609d\" data-element_type=\"container\">\n\t\t\t\t<div class=\"elementor-element elementor-element-9e0a135 elementor-widget elementor-widget-image\" data-id=\"9e0a135\" data-element_type=\"widget\" data-widget_type=\"image.default\">\n\t\t\t\t<div class=\"elementor-widget-container\">\n\t\t\t\t\t\t\t\t\t\t\t\t\t<img loading=\"lazy\" decoding=\"async\" width=\"1024\" height=\"1024\" src=\"https:\/\/colanatravel.com\/wp-content\/uploads\/2025\/04\/flora-orquidea-zapatico-morada-comprimida-1024x768-1.jpg\" class=\"attachment-large size-large wp-image-1069\" alt=\"\" srcset=\"https:\/\/colanatravel.com\/wp-content\/uploads\/2025\/04\/flora-orquidea-zapatico-morada-comprimida-1024x768-1.jpg 1024w, https:\/\/colanatravel.com\/wp-content\/uploads\/2025\/04\/flora-orquidea-zapatico-morada-comprimida-1024x768-1-300x300.jpg 300w, https:\/\/colanatravel.com\/wp-content\/uploads\/2025\/04\/flora-orquidea-zapatico-morada-comprimida-1024x768-1-150x150.jpg 150w, https:\/\/colanatravel.com\/wp-content\/uploads\/2025\/04\/flora-orquidea-zapatico-morada-comprimida-1024x768-1-768x768.jpg 768w, https:\/\/colanatravel.com\/wp-content\/uploads\/2025\/04\/flora-orquidea-zapatico-morada-comprimida-1024x768-1-12x12.jpg 12w, https:\/\/colanatravel.com\/wp-content\/uploads\/2025\/04\/flora-orquidea-zapatico-morada-comprimida-1024x768-1-525x525.jpg 525w, https:\/\/colanatravel.com\/wp-content\/uploads\/2025\/04\/flora-orquidea-zapatico-morada-comprimida-1024x768-1-360x360.jpg 360w, https:\/\/colanatravel.com\/wp-content\/uploads\/2025\/04\/flora-orquidea-zapatico-morada-comprimida-1024x768-1-373x373.jpg 373w, https:\/\/colanatravel.com\/wp-content\/uploads\/2025\/04\/flora-orquidea-zapatico-morada-comprimida-1024x768-1-80x80.jpg 80w, https:\/\/colanatravel.com\/wp-content\/uploads\/2025\/04\/flora-orquidea-zapatico-morada-comprimida-1024x768-1-620x620.jpg 620w, https:\/\/colanatravel.com\/wp-content\/uploads\/2025\/04\/flora-orquidea-zapatico-morada-comprimida-1024x768-1-460x460.jpg 460w, https:\/\/colanatravel.com\/wp-content\/uploads\/2025\/04\/flora-orquidea-zapatico-morada-comprimida-1024x768-1-365x365.jpg 365w\" sizes=\"(max-width: 1024px) 100vw, 1024px\" \/>\t\t\t\t\t\t\t\t\t\t\t\t\t<\/div>\n\t\t\t\t<\/div>\n\t\t\t\t<\/div>\n\t\t\t\t\t<\/div>\n\t\t\t\t<\/div>\n\t\t\t\t<\/div>","protected":false},"excerpt":{"rendered":"<p class=\"tx-excerpt\">La Colombie poss\u00e8de plus de 50 000 esp\u00e8ces de plantes, dont certaines sont end\u00e9miques. La flore occidentale joue un r\u00f4le fondamental dans l\u2019\u00e9quilibre","protected":false},"author":1,"featured_media":0,"parent":513,"menu_order":0,"comment_status":"closed","ping_status":"closed","template":"","meta":{"footnotes":""},"class_list":["post-503","page","type-page","status-publish","hentry"],"_links":{"self":[{"href":"https:\/\/colanatravel.com\/en\/wp-json\/wp\/v2\/pages\/503","targetHints":{"allow":["GET"]}}],"collection":[{"href":"https:\/\/colanatravel.com\/en\/wp-json\/wp\/v2\/pages"}],"about":[{"href":"https:\/\/colanatravel.com\/en\/wp-json\/wp\/v2\/types\/page"}],"author":[{"embeddable":true,"href":"https:\/\/colanatravel.com\/en\/wp-json\/wp\/v2\/users\/1"}],"replies":[{"embeddable":true,"href":"https:\/\/colanatravel.com\/en\/wp-json\/wp\/v2\/comments?post=503"}],"version-history":[{"count":13,"href":"https:\/\/colanatravel.com\/en\/wp-json\/wp\/v2\/pages\/503\/revisions"}],"predecessor-version":[{"id":1172,"href":"https:\/\/colanatravel.com\/en\/wp-json\/wp\/v2\/pages\/503\/revisions\/1172"}],"up":[{"embeddable":true,"href":"https:\/\/colanatravel.com\/en\/wp-json\/wp\/v2\/pages\/513"}],"wp:attachment":[{"href":"https:\/\/colanatravel.com\/en\/wp-json\/wp\/v2\/media?parent=503"}],"curies":[{"name":"wp","href":"https:\/\/api.w.org\/{rel}","templated":true}]}}